{"id":45,"date":"2023-06-21T11:50:38","date_gmt":"2023-06-21T09:50:38","guid":{"rendered":"http:\/\/zolfrml.cluster029.hosting.ovh.net\/gc451309\/?page_id=45"},"modified":"2024-12-05T11:40:35","modified_gmt":"2024-12-05T10:40:35","slug":"le-saviez-vous","status":"publish","type":"page","link":"https:\/\/jujitsuarras.fr\/index.php\/la-methode-wa-jutsu-2\/le-club-darras\/laejt\/le-saviez-vous\/","title":{"rendered":"Le saviez vous ?"},"content":{"rendered":"\n<div class=\"wp-block-columns is-layout-flex wp-container-core-columns-is-layout-9d6595d7 wp-block-columns-is-layout-flex\">\n<div class=\"wp-block-column is-layout-flow wp-block-column-is-layout-flow\">\n<ul class=\"wp-block-list\">\n<li><strong>Bushido : <\/strong>VOIE DU SAMOURA\u00cf &#8211; Code d&#8217;Honneur et de Morale traditionnel des Arts martiaux au Japon. C&#8217;est un id\u00e9al de conduite qui repose sur la Droiture, le Courage, la Bienveillance, la Politesse, la Loyaut\u00e9 et la Maitrise de Soi.  Le Wa-Jutsu est donc impr\u00e9gn\u00e9 de cet esprit chevaleresque et inconcevable sans lui. Chaque pratiquant d&#8217;art martial doit se discipliner pour qu&#8217;en d\u00e9pit de ses pulsions et passions, ces principes guident son comportement dans le dojo, dans les combats et dans la vie. <\/li>\n<\/ul>\n<\/div>\n<\/div>\n\n\n\n<div class=\"wp-block-columns is-layout-flex wp-container-core-columns-is-layout-9d6595d7 wp-block-columns-is-layout-flex\">\n<div class=\"wp-block-column is-vertically-aligned-top is-layout-flow wp-block-column-is-layout-flow\">\n\n\n<p><\/p>\n\n\n\n<p><\/p>\n\n\n\n<p><\/p>\n\n\n\n<p><\/p>\n\n\n\n<ul class=\"wp-block-list\">\n<li><\/li>\n<\/ul>\n\n\n\n<ul class=\"wp-block-list\">\n<li><\/li>\n<\/ul>\n\n\n\n<ul class=\"wp-block-list\">\n<li><strong>DOJO :<\/strong> vient du bouddhisme et signifie &#8220;salle de m\u00e9ditation&#8221; c&#8217;est un lieu o\u00f9 l&#8217;on progresse, o\u00f9 l&#8217;on \u00e9tudie et o\u00f9 l&#8217;on cherche la voie. L&#8217;orientation est symbolique. Assis face au Sud, l&#8217;enseignant re\u00e7oit la lumi\u00e8re du soleil, qui est la connaissance qu&#8217;il doit transmettre. Les \u00e9l\u00e8ves, eux, ne peuvent voir cette lumi\u00e8re qu&#8217;au travers de la r\u00e9flexion qu&#8217;en offre l&#8217;enseignant. Les pratiquants anciens sont du c\u00f4t\u00e9 du soleil levant&nbsp;: de par leur anciennet\u00e9, ils commencent \u00e0 comprendre les principes essentiels de leur discipline, alors que les d\u00e9butants, \u00e0 l&#8217;ouest, sont encore dans l\u2019ombre.<\/li>\n<\/ul>\n\n\n<\/div>\n<\/div>\n\n\n","protected":false},"excerpt":{"rendered":"","protected":false},"author":1,"featured_media":0,"parent":36,"menu_order":4,"comment_status":"closed","ping_status":"closed","template":"","meta":{"saved_in_kubio":true,"footnotes":""},"class_list":["post-45","page","type-page","status-publish","hentry"],"kubio_ai_page_context":{"short_desc":"","purpose":"general"},"_links":{"self":[{"href":"https:\/\/jujitsuarras.fr\/index.php\/wp-json\/wp\/v2\/pages\/45","targetHints":{"allow":["GET"]}}],"collection":[{"href":"https:\/\/jujitsuarras.fr\/index.php\/wp-json\/wp\/v2\/pages"}],"about":[{"href":"https:\/\/jujitsuarras.fr\/index.php\/wp-json\/wp\/v2\/types\/page"}],"author":[{"embeddable":true,"href":"https:\/\/jujitsuarras.fr\/index.php\/wp-json\/wp\/v2\/users\/1"}],"replies":[{"embeddable":true,"href":"https:\/\/jujitsuarras.fr\/index.php\/wp-json\/wp\/v2\/comments?post=45"}],"version-history":[{"count":18,"href":"https:\/\/jujitsuarras.fr\/index.php\/wp-json\/wp\/v2\/pages\/45\/revisions"}],"predecessor-version":[{"id":274,"href":"https:\/\/jujitsuarras.fr\/index.php\/wp-json\/wp\/v2\/pages\/45\/revisions\/274"}],"up":[{"embeddable":true,"href":"https:\/\/jujitsuarras.fr\/index.php\/wp-json\/wp\/v2\/pages\/36"}],"wp:attachment":[{"href":"https:\/\/jujitsuarras.fr\/index.php\/wp-json\/wp\/v2\/media?parent=45"}],"curies":[{"name":"wp","href":"https:\/\/api.w.org\/{rel}","templated":true}]}}